{"id":129,"date":"2020-08-24T13:50:38","date_gmt":"2020-08-24T13:50:38","guid":{"rendered":"https:\/\/marano.ch\/?page_id=129"},"modified":"2020-08-31T14:45:22","modified_gmt":"2020-08-31T14:45:22","slug":"carrosserie","status":"publish","type":"page","link":"https:\/\/marano.ch\/?page_id=129","title":{"rendered":"Carrosserie"},"content":{"rendered":"<p>[et_pb_section fb_built=&#8220;1&#8243; disabled_on=&#8220;off|off|off&#8220; admin_label=&#8220;Header Section&#8220; _builder_version=&#8220;4.5.7&#8243; use_background_color_gradient=&#8220;on&#8220; background_color_gradient_start=&#8220;rgba(0,0,0,0)&#8220; background_color_gradient_end=&#8220;rgba(0,0,0,0)&#8220; background_color_gradient_direction=&#8220;181deg&#8220; background_color_gradient_overlays_image=&#8220;on&#8220; background_image=&#8220;https:\/\/marano.ch\/wp-content\/uploads\/2020\/08\/DSCI9031.jpg&#8220; custom_margin=&#8220;|||&#8220; custom_padding=&#8220;6vw|0px|6vw|0px&#8220; bottom_divider_style=&#8220;mountains2&#8243; bottom_divider_color=&#8220;rgba(0,0,0,0.3)&#8220; bottom_divider_height=&#8220;50vw&#8220; animation_style=&#8220;slide&#8220; animation_direction=&#8220;top&#8220; animation_intensity_slide=&#8220;3%&#8220; animation_starting_opacity=&#8220;100%&#8220;][et_pb_row disabled_on=&#8220;off|off|off&#8220; module_class=&#8220; et_pb_row_fullwidth&#8220; _builder_version=&#8220;4.5.7&#8243; width=&#8220;89%&#8220; width_tablet=&#8220;80%&#8220; width_phone=&#8220;&#8220; width_last_edited=&#8220;on|desktop&#8220; max_width=&#8220;89%&#8220; max_width_tablet=&#8220;80%&#8220; max_width_phone=&#8220;&#8220; max_width_last_edited=&#8220;on|desktop&#8220; custom_margin=&#8220;50px||50px||false|false&#8220; custom_padding=&#8220;|||&#8220; make_fullwidth=&#8220;on&#8220;][et_pb_column type=&#8220;4_4&#8243; _builder_version=&#8220;3.25&#8243; custom_padding=&#8220;|||&#8220; custom_padding__hover=&#8220;|||&#8220;][et_pb_image src=&#8220;https:\/\/marano.ch\/wp-content\/uploads\/2020\/08\/Logomarcar-weiss.png&#8220; align=&#8220;center&#8220; _builder_version=&#8220;4.5.7&#8243; _module_preset=&#8220;default&#8220; animation_style=&#8220;slide&#8220; animation_direction=&#8220;top&#8220;][\/et_pb_image][et_pb_text disabled_on=&#8220;off|off|off&#8220; _builder_version=&#8220;4.5.7&#8243; text_font=&#8220;Montserrat||||||||&#8220; text_font_size=&#8220;22px&#8220; text_line_height=&#8220;1.8em&#8220; header_font=&#8220;Montserrat|600||on|||||&#8220; header_text_align=&#8220;center&#8220; header_font_size=&#8220;8vw&#8220; header_line_height=&#8220;1.5em&#8220; text_orientation=&#8220;center&#8220; background_layout=&#8220;dark&#8220; custom_margin=&#8220;|||&#8220; header_font_size_tablet=&#8220;50px&#8220; header_font_size_phone=&#8220;&#8220; header_font_size_last_edited=&#8220;on|desktop&#8220; header_line_height_tablet=&#8220;1.1em&#8220; header_line_height_phone=&#8220;1.2em&#8220; header_line_height_last_edited=&#8220;off|desktop&#8220;]<\/p>\n<p>Die Sch\u00f6nheitskur f\u00fcr Ihr Fahrzeug<\/p>\n<p>[\/et_pb_text][et_pb_button button_url=&#8220;https:\/\/marano.ch\/?page_id=165&#8243; button_text=&#8220;Zur Kontaktseite&#8220; button_alignment=&#8220;center&#8220; _builder_version=&#8220;4.5.7&#8243; custom_button=&#8220;on&#8220; button_text_size=&#8220;14px&#8220; button_text_color=&#8220;#ffffff&#8220; button_bg_color=&#8220;#ee1c25&#8243; button_border_width=&#8220;12px&#8220; button_border_color=&#8220;#ee1c25&#8243; button_border_radius=&#8220;2px&#8220; button_letter_spacing=&#8220;0px&#8220; button_font=&#8220;Montserrat|700||on|||||&#8220; custom_margin=&#8220;30px|||&#8220; custom_padding=&#8220;|||&#8220; hover_enabled=&#8220;0&#8243; button_border_radius_hover=&#8220;4px&#8220; button_text_size__hover_enabled=&#8220;off&#8220; button_one_text_size__hover_enabled=&#8220;off&#8220; button_two_text_size__hover_enabled=&#8220;off&#8220; button_text_color__hover_enabled=&#8220;off&#8220; button_one_text_color__hover_enabled=&#8220;off&#8220; button_two_text_color__hover_enabled=&#8220;off&#8220; button_border_width__hover_enabled=&#8220;off&#8220; button_one_border_width__hover_enabled=&#8220;off&#8220; button_two_border_width__hover_enabled=&#8220;off&#8220; button_border_color__hover_enabled=&#8220;off&#8220; button_one_border_color__hover_enabled=&#8220;off&#8220; button_two_border_color__hover_enabled=&#8220;off&#8220; button_border_radius__hover_enabled=&#8220;on&#8220; button_border_radius__hover=&#8220;4px&#8220; button_one_border_radius__hover_enabled=&#8220;off&#8220; button_two_border_radius__hover_enabled=&#8220;off&#8220; button_letter_spacing__hover_enabled=&#8220;off&#8220; button_one_letter_spacing__hover_enabled=&#8220;off&#8220; button_two_letter_spacing__hover_enabled=&#8220;off&#8220; button_bg_color__hover_enabled=&#8220;off&#8220; button_one_bg_color__hover_enabled=&#8220;off&#8220; button_two_bg_color__hover_enabled=&#8220;off&#8220;][\/et_pb_button][\/et_pb_column][\/et_pb_row][\/et_pb_section][et_pb_section fb_built=&#8220;1&#8243; custom_padding_last_edited=&#8220;on|phone&#8220; admin_label=&#8220;Services Section&#8220; _builder_version=&#8220;4.5.7&#8243; background_color=&#8220;#f2f6f9&#8243; custom_padding=&#8220;60px|0px|120px|0px|false|false&#8220; custom_padding_tablet=&#8220;&#8220; custom_padding_phone=&#8220;&#8220;][et_pb_row _builder_version=&#8220;3.25&#8243; custom_padding=&#8220;|||&#8220;][et_pb_column type=&#8220;4_4&#8243; _builder_version=&#8220;3.25&#8243; custom_padding=&#8220;|||&#8220; custom_padding__hover=&#8220;|||&#8220;][et_pb_text _builder_version=&#8220;4.5.7&#8243; text_font=&#8220;Montserrat||||||||&#8220; text_font_size=&#8220;18px&#8220; text_line_height=&#8220;1.8em&#8220; header_font=&#8220;||||||||&#8220; header_2_font=&#8220;Montserrat||||||||&#8220; header_2_text_align=&#8220;center&#8220; header_2_font_size=&#8220;40px&#8220; header_2_line_height=&#8220;1.5em&#8220; text_orientation=&#8220;center&#8220; custom_margin=&#8220;|||&#8220; custom_padding=&#8220;|||&#8220; text_font_size_tablet=&#8220;16px&#8220; text_font_size_phone=&#8220;16px&#8220; text_font_size_last_edited=&#8220;on|desktop&#8220; header_2_font_size_tablet=&#8220;&#8220; header_2_font_size_phone=&#8220;30px&#8220; header_2_font_size_last_edited=&#8220;on|phone&#8220;]<\/p>\n<h2>Carrosserie-Angebot<\/h2>\n<p>Die <strong>marcar<\/strong>-Carrosseriewerkstatt verhilft Ihrem Fahrzeug zu neuem Glanz.<\/p>\n<p>[\/et_pb_text][\/et_pb_column][\/et_pb_row][et_pb_row column_structure=&#8220;1_3,1_3,1_3&#8243; use_custom_gutter=&#8220;on&#8220; gutter_width=&#8220;2&#8243; _builder_version=&#8220;3.25&#8243; max_width=&#8220;1440px&#8220; custom_padding=&#8220;|||&#8220; use_custom_width=&#8220;on&#8220; custom_width_px=&#8220;1440px&#8220;][et_pb_column type=&#8220;1_3&#8243; _builder_version=&#8220;3.25&#8243; background_color=&#8220;#ffffff&#8220; custom_padding=&#8220;|||&#8220; custom_padding__hover=&#8220;|||&#8220;][et_pb_image src=&#8220;https:\/\/marano.ch\/wp-content\/uploads\/2020\/08\/DSCI3210-1.jpg&#8220; force_fullwidth=&#8220;on&#8220; align_tablet=&#8220;center&#8220; align_phone=&#8220;&#8220; align_last_edited=&#8220;on|desktop&#8220; _builder_version=&#8220;4.5.7&#8243; locked=&#8220;off&#8220;][\/et_pb_image][et_pb_text admin_label=&#8220;Service Name&#8220; _builder_version=&#8220;4.5.7&#8243; text_font=&#8220;Montserrat||||||||&#8220; text_font_size=&#8220;15px&#8220; text_line_height=&#8220;1.8em&#8220; header_font=&#8220;||||||||&#8220; header_3_font=&#8220;Montserrat||||||||&#8220; header_3_line_height=&#8220;1.5em&#8220; custom_padding=&#8220;10px|20px||20px&#8220; locked=&#8220;off&#8220;]<\/p>\n<h3>Unfallsch\u00e4den<\/h3>\n<p>Kleinere Sch\u00e4den k\u00f6nnen oft in Stundenfrist behoben werden. Bei gr\u00f6sseren Sch\u00e4den organisieren und lackieren wir die Carrosserieteile.<\/p>\n<p>&nbsp;<\/p>\n<p>[\/et_pb_text][\/et_pb_column][et_pb_column type=&#8220;1_3&#8243; _builder_version=&#8220;3.25&#8243; background_color=&#8220;#ffffff&#8220; custom_padding=&#8220;|||&#8220; custom_padding__hover=&#8220;|||&#8220;][et_pb_image src=&#8220;https:\/\/marano.ch\/wp-content\/uploads\/2020\/08\/DSCI9945.jpg&#8220; force_fullwidth=&#8220;on&#8220; align_tablet=&#8220;center&#8220; align_phone=&#8220;&#8220; align_last_edited=&#8220;on|desktop&#8220; _builder_version=&#8220;4.5.7&#8243; background_image=&#8220;https:\/\/marano.ch\/wp-content\/uploads\/2020\/08\/garage-m-marano-ag-autogarage-reinach_1.jpg&#8220; custom_margin_tablet=&#8220;&#8220; custom_margin_phone=&#8220;&#8220; custom_margin_last_edited=&#8220;on|phone&#8220;][\/et_pb_image][et_pb_text admin_label=&#8220;Service Name&#8220; _builder_version=&#8220;4.5.7&#8243; text_font=&#8220;Montserrat||||||||&#8220; text_font_size=&#8220;15px&#8220; text_line_height=&#8220;1.8em&#8220; header_font=&#8220;||||||||&#8220; header_3_font=&#8220;Montserrat||||||||&#8220; header_3_line_height=&#8220;1.5em&#8220; custom_padding=&#8220;10px|20px||20px&#8220;]<\/p>\n<h3>Beulen und Glas-Sch\u00e4den<\/h3>\n<p>Beulen k\u00f6nnen oft auch ohne Lackierung wiederhergestellt werden. Wir reparieren oder wechseln auch Frontscheiben und andere Glasteile.<\/p>\n<p>&nbsp;<\/p>\n<p>[\/et_pb_text][\/et_pb_column][et_pb_column type=&#8220;1_3&#8243; _builder_version=&#8220;3.25&#8243; background_color=&#8220;#ffffff&#8220; custom_padding=&#8220;|||&#8220; custom_padding__hover=&#8220;|||&#8220;][et_pb_image src=&#8220;https:\/\/marano.ch\/wp-content\/uploads\/2020\/08\/DSCI7094-1.jpg&#8220; force_fullwidth=&#8220;on&#8220; align_tablet=&#8220;center&#8220; align_phone=&#8220;&#8220; align_last_edited=&#8220;on|desktop&#8220; _builder_version=&#8220;4.5.7&#8243; locked=&#8220;off&#8220;][\/et_pb_image][et_pb_text admin_label=&#8220;Service Name&#8220; _builder_version=&#8220;4.5.7&#8243; text_font=&#8220;Montserrat||||||||&#8220; text_font_size=&#8220;15px&#8220; text_line_height=&#8220;1.8em&#8220; header_font=&#8220;||||||||&#8220; header_3_font=&#8220;Montserrat||||||||&#8220; header_3_line_height=&#8220;1.5em&#8220; custom_padding=&#8220;10px|20px||20px&#8220; locked=&#8220;off&#8220;]<\/p>\n<h3>Kunststoff-Stossstangen<\/h3>\n<p>Wir reparieren oder ersetzen auch Kunststoff-Stossstangen. Bei Bedarf erfolgt die Lackierung in der originalen Wagenfarbe.<\/p>\n<p>&nbsp;<\/p>\n<p>[\/et_pb_text][\/et_pb_column][\/et_pb_row][et_pb_row column_structure=&#8220;1_3,1_3,1_3&#8243; use_custom_gutter=&#8220;on&#8220; gutter_width=&#8220;2&#8243; _builder_version=&#8220;3.25&#8243; max_width=&#8220;1440px&#8220; custom_padding=&#8220;|||&#8220; use_custom_width=&#8220;on&#8220; custom_width_px=&#8220;1440px&#8220;][et_pb_column type=&#8220;1_3&#8243; _builder_version=&#8220;3.25&#8243; background_color=&#8220;#ffffff&#8220; custom_padding=&#8220;|||&#8220; custom_padding__hover=&#8220;|||&#8220;][et_pb_image src=&#8220;https:\/\/marano.ch\/wp-content\/uploads\/2020\/08\/AdminArbeiten.jpg&#8220; force_fullwidth=&#8220;on&#8220; align_tablet=&#8220;center&#8220; align_phone=&#8220;&#8220; align_last_edited=&#8220;on|desktop&#8220; _builder_version=&#8220;4.5.7&#8243; locked=&#8220;off&#8220;][\/et_pb_image][et_pb_text admin_label=&#8220;Service Name&#8220; _builder_version=&#8220;4.5.7&#8243; text_font=&#8220;Montserrat||||||||&#8220; text_font_size=&#8220;15px&#8220; text_line_height=&#8220;1.8em&#8220; header_font=&#8220;||||||||&#8220; header_3_font=&#8220;Montserrat||||||||&#8220; header_3_line_height=&#8220;1.5em&#8220; custom_padding=&#8220;10px|20px||20px&#8220; locked=&#8220;off&#8220;]<\/p>\n<h3>Versicherungs-Formalit\u00e4ten<\/h3>\n<p>Im Falle eines Unfalles wickeln wir alle Formalit\u00e4ten f\u00fcr Sie ab. Dabei spielt es keine Rolle, welche Versicherung zust\u00e4ndig ist.<\/p>\n<p>&nbsp;<\/p>\n<p>[\/et_pb_text][\/et_pb_column][et_pb_column type=&#8220;1_3&#8243; _builder_version=&#8220;3.25&#8243; background_color=&#8220;#ffffff&#8220; custom_padding=&#8220;|||&#8220; custom_padding__hover=&#8220;|||&#8220;][et_pb_image src=&#8220;https:\/\/marano.ch\/wp-content\/uploads\/2020\/08\/DSCI6237-1.jpg&#8220; force_fullwidth=&#8220;on&#8220; align_tablet=&#8220;center&#8220; align_phone=&#8220;&#8220; align_last_edited=&#8220;on|desktop&#8220; _builder_version=&#8220;4.5.7&#8243; custom_margin_tablet=&#8220;&#8220; custom_margin_phone=&#8220;&#8220; custom_margin_last_edited=&#8220;on|phone&#8220;][\/et_pb_image][et_pb_text admin_label=&#8220;Service Name&#8220; _builder_version=&#8220;4.5.7&#8243; text_font=&#8220;Montserrat||||||||&#8220; text_font_size=&#8220;15px&#8220; text_line_height=&#8220;1.8em&#8220; header_font=&#8220;||||||||&#8220; header_3_font=&#8220;Montserrat||||||||&#8220; header_3_line_height=&#8220;1.5em&#8220; custom_padding=&#8220;10px|20px||20px&#8220;]<\/p>\n<h3>Oldtimer<\/h3>\n<p>Wir restaurieren auch Oldtimer. Dabei organisieren wir wenn m\u00f6glich Karosserieteile und lackieren diese im originalen Farbton.<\/p>\n<p>&nbsp;<\/p>\n<p>[\/et_pb_text][\/et_pb_column][et_pb_column type=&#8220;1_3&#8243; _builder_version=&#8220;3.25&#8243; background_color=&#8220;#ffffff&#8220; custom_padding=&#8220;|||&#8220; custom_padding__hover=&#8220;|||&#8220;][et_pb_image src=&#8220;https:\/\/marano.ch\/wp-content\/uploads\/2020\/08\/DSCI1526-scaled-e1598866071423.jpg&#8220; force_fullwidth=&#8220;on&#8220; align_tablet=&#8220;center&#8220; align_phone=&#8220;&#8220; align_last_edited=&#8220;on|desktop&#8220; _builder_version=&#8220;4.5.7&#8243; locked=&#8220;off&#8220;][\/et_pb_image][et_pb_text admin_label=&#8220;Service Name&#8220; _builder_version=&#8220;4.5.7&#8243; text_font=&#8220;Montserrat||||||||&#8220; text_font_size=&#8220;15px&#8220; text_line_height=&#8220;1.8em&#8220; header_font=&#8220;||||||||&#8220; header_3_font=&#8220;Montserrat||||||||&#8220; header_3_line_height=&#8220;1.5em&#8220; custom_padding=&#8220;10px|20px||20px&#8220; locked=&#8220;off&#8220;]<\/p>\n<h3>Lackierung<\/h3>\n<p>Lacksch\u00e4den beheben wir professionell in unserer eigenen Spritzkabine. Ihr Fahrzeug strahlt danach wieder wie damals als Neuwagen.<\/p>\n<p>&nbsp;<\/p>\n<p>[\/et_pb_text][\/et_pb_column][\/et_pb_row][et_pb_row column_structure=&#8220;1_3,1_3,1_3&#8243; use_custom_gutter=&#8220;on&#8220; gutter_width=&#8220;2&#8243; _builder_version=&#8220;3.25&#8243; max_width=&#8220;1440px&#8220; custom_padding=&#8220;|||&#8220; use_custom_width=&#8220;on&#8220; custom_width_px=&#8220;1440px&#8220;][et_pb_column type=&#8220;1_3&#8243; _builder_version=&#8220;3.25&#8243; background_color=&#8220;#ffffff&#8220; custom_padding=&#8220;|||&#8220; custom_padding__hover=&#8220;|||&#8220;][et_pb_image src=&#8220;https:\/\/marano.ch\/wp-content\/uploads\/2020\/08\/DSCN0527.jpg&#8220; title_text=&#8220;DSCN0527&#8243; force_fullwidth=&#8220;on&#8220; align_tablet=&#8220;center&#8220; align_phone=&#8220;&#8220; align_last_edited=&#8220;on|desktop&#8220; _builder_version=&#8220;4.5.7&#8243; locked=&#8220;off&#8220;][\/et_pb_image][et_pb_text admin_label=&#8220;Service Name&#8220; _builder_version=&#8220;4.5.7&#8243; text_font=&#8220;Montserrat||||||||&#8220; text_font_size=&#8220;15px&#8220; text_line_height=&#8220;1.8em&#8220; header_font=&#8220;||||||||&#8220; header_3_font=&#8220;Montserrat||||||||&#8220; header_3_line_height=&#8220;1.5em&#8220; custom_padding=&#8220;10px|20px||20px&#8220; locked=&#8220;off&#8220;]<\/p>\n<h3>Felgen-Reparaturen<\/h3>\n<p>Hat Ihre Felge einen Randstein touchiert? Wir k\u00fcmmern uns darum und entfernen alle Spuren.<\/p>\n<p>&nbsp;<\/p>\n<p>[\/et_pb_text][\/et_pb_column][et_pb_column type=&#8220;1_3&#8243; _builder_version=&#8220;3.25&#8243; background_color=&#8220;#ffffff&#8220; custom_padding=&#8220;|||&#8220; custom_padding__hover=&#8220;|||&#8220;][et_pb_image src=&#8220;https:\/\/marano.ch\/wp-content\/uploads\/2020\/08\/DSCI6897_1200.jpg&#8220; title_text=&#8220;DSCI6897_1200&#8243; force_fullwidth=&#8220;on&#8220; align_tablet=&#8220;center&#8220; align_phone=&#8220;&#8220; align_last_edited=&#8220;on|desktop&#8220; _builder_version=&#8220;4.5.7&#8243; custom_margin_tablet=&#8220;&#8220; custom_margin_phone=&#8220;&#8220; custom_margin_last_edited=&#8220;on|phone&#8220;][\/et_pb_image][et_pb_text admin_label=&#8220;Service Name&#8220; _builder_version=&#8220;4.5.7&#8243; text_font=&#8220;Montserrat||||||||&#8220; text_font_size=&#8220;15px&#8220; text_line_height=&#8220;1.8em&#8220; header_font=&#8220;||||||||&#8220; header_3_font=&#8220;Montserrat||||||||&#8220; header_3_line_height=&#8220;1.5em&#8220; custom_padding=&#8220;10px|20px||20px&#8220;]<\/p>\n<h3>Spot-Repairs<\/h3>\n<p>Kleine und mittlere Lacksch\u00e4den werden punktuell ausgebessert.<\/p>\n<p>&nbsp;<\/p>\n<p>[\/et_pb_text][\/et_pb_column][et_pb_column type=&#8220;1_3&#8243; _builder_version=&#8220;3.25&#8243; background_color=&#8220;#ffffff&#8220; custom_padding=&#8220;|||&#8220; custom_padding__hover=&#8220;|||&#8220;][et_pb_image src=&#8220;https:\/\/marano.ch\/wp-content\/uploads\/2020\/08\/Lechler_500a.jpg&#8220; title_text=&#8220;Lechler_500a&#8220; url=&#8220;http:\/\/Lechler.eu&#8220; url_new_window=&#8220;on&#8220; force_fullwidth=&#8220;on&#8220; align_tablet=&#8220;center&#8220; align_phone=&#8220;&#8220; align_last_edited=&#8220;on|desktop&#8220; _builder_version=&#8220;4.5.7&#8243; locked=&#8220;off&#8220;][\/et_pb_image][et_pb_text admin_label=&#8220;Service Name&#8220; _builder_version=&#8220;4.5.7&#8243; text_font=&#8220;Montserrat||||||||&#8220; text_font_size=&#8220;15px&#8220; text_line_height=&#8220;1.8em&#8220; header_font=&#8220;||||||||&#8220; header_3_font=&#8220;Montserrat||||||||&#8220; header_3_line_height=&#8220;1.5em&#8220; custom_padding=&#8220;10px|20px||20px&#8220; locked=&#8220;off&#8220;]<\/p>\n<h3>Lacke<\/h3>\n<p>Wir verwenden die hochtechnologischen und umweltfreundlichen Produkte der Firma Lechler. Der jeweilige Farbton kann dabei optimal angepasst werden.<\/p>\n<p>&nbsp;<\/p>\n<p>[\/et_pb_text][\/et_pb_column][\/et_pb_row][\/et_pb_section][et_pb_section fb_built=&#8220;1&#8243; admin_label=&#8220;CTA Section&#8220; _builder_version=&#8220;3.22&#8243; use_background_color_gradient=&#8220;on&#8220; background_color_gradient_start=&#8220;rgba(242,246,249,0)&#8220; background_color_gradient_end=&#8220;#f2f6f9&#8243; background_color_gradient_direction=&#8220;90deg&#8220; background_color_gradient_start_position=&#8220;75%&#8220; background_color_gradient_end_position=&#8220;75%&#8220; custom_padding=&#8220;120px|0px|55px|0px||&#8220; animation_style=&#8220;slide&#8220; animation_direction=&#8220;right&#8220; animation_intensity_slide=&#8220;1%&#8220; saved_tabs=&#8220;all&#8220;][et_pb_row column_structure=&#8220;1_2,1_2&#8243; use_custom_gutter=&#8220;on&#8220; custom_padding_last_edited=&#8220;off|desktop&#8220; admin_label=&#8220;CTA Row&#8220; _builder_version=&#8220;3.25&#8243; background_color_gradient_direction=&#8220;90deg&#8220; width=&#8220;100%&#8220; max_width=&#8220;100%&#8220; module_alignment=&#8220;center&#8220; custom_padding=&#8220;|||&#8220; custom_padding_tablet=&#8220;120px|||&#8220; custom_padding_phone=&#8220;120px|0px|0px|0px&#8220; use_custom_width=&#8220;on&#8220; width_unit=&#8220;off&#8220; custom_width_percent=&#8220;100%&#8220;][et_pb_column type=&#8220;1_2&#8243; _builder_version=&#8220;3.25&#8243; custom_padding=&#8220;80px|||12%&#8220; custom_padding_tablet=&#8220;|10%||10%&#8220; custom_padding_phone=&#8220;&#8220; custom_padding_last_edited=&#8220;on|tablet&#8220; custom_padding__hover=&#8220;|||&#8220;][et_pb_text _builder_version=&#8220;4.5.7&#8243; text_font=&#8220;Montserrat||||||||&#8220; text_font_size=&#8220;18px&#8220; header_font=&#8220;||||||||&#8220; header_line_height=&#8220;1.4em&#8220; header_2_font=&#8220;Montserrat||||||||&#8220; header_2_font_size=&#8220;40px&#8220; header_2_line_height=&#8220;1.5em&#8220; custom_margin=&#8220;-50px||||false|false&#8220; custom_padding=&#8220;|||&#8220; text_font_size_tablet=&#8220;16px&#8220; text_font_size_phone=&#8220;16px&#8220; text_font_size_last_edited=&#8220;on|desktop&#8220; header_2_font_size_tablet=&#8220;&#8220; header_2_font_size_phone=&#8220;30px&#8220; header_2_font_size_last_edited=&#8220;on|phone&#8220; locked=&#8220;off&#8220;]<\/p>\n<h2>marcar &#8211; Die Carrosserie- und Lackierwerkstatt<\/h2>\n<p>[\/et_pb_text][et_pb_text _builder_version=&#8220;4.5.7&#8243; _module_preset=&#8220;default&#8220; text_font=&#8220;Montserrat||||||||&#8220; text_font_size=&#8220;15px&#8220;]<\/p>\n<p>Als Tochterfirma der M. Marano AG ist die marcar GmbH auch \u00f6rtlich vollst\u00e4ndig in unseren Betrieb integriert.<\/p>\n<p>In unserer eigenen Spritzkabine lackieren wir Fahrzeuge aller Art. Auch Motorr\u00e4der oder Baumaschinen erhalten hier eine neue Lackierung.<\/p>\n<p>[\/et_pb_text][et_pb_text _builder_version=&#8220;4.5.7&#8243; _module_preset=&#8220;default&#8220; text_font=&#8220;Montserrat||||||||&#8220; text_font_size=&#8220;15px&#8220;]<\/p>\n<p>Schadenmanagement bei Versicherungsf\u00e4llen<\/p>\n<p>Carrosserie und Lackierauftr\u00e4ge<\/p>\n<p>Reparatur von Park- und Lacksch\u00e4den<\/p>\n<p>Windschutzscheiben<\/p>\n<p>Spot-Repairs<\/p>\n<p>Ausbeulen ohne Lackieren<\/p>\n<p>Hagelsch\u00e4den<\/p>\n<p>Felgenreparaturen<\/p>\n<p>Restaurationen<\/p>\n<p>[\/et_pb_text][\/et_pb_column][et_pb_column type=&#8220;1_2&#8243; _builder_version=&#8220;3.25&#8243; custom_padding=&#8220;|||&#8220; custom_padding__hover=&#8220;|||&#8220;][et_pb_image src=&#8220;https:\/\/marano.ch\/wp-content\/uploads\/2020\/08\/DSCI0363-scaled.jpg&#8220; show_in_lightbox=&#8220;on&#8220; align_tablet=&#8220;center&#8220; align_phone=&#8220;&#8220; align_last_edited=&#8220;on|desktop&#8220; _builder_version=&#8220;4.5.7&#8243; background_size=&#8220;contain&#8220; background_position=&#8220;center_right&#8220; custom_margin=&#8220;|||&#8220; custom_margin_tablet=&#8220;|60px||60px&#8220; custom_margin_phone=&#8220;100px|||&#8220; custom_margin_last_edited=&#8220;on|tablet&#8220; custom_padding=&#8220;|||&#8220; box_shadow_style=&#8220;preset3&#8243; box_shadow_horizontal=&#8220;-40px&#8220; box_shadow_vertical=&#8220;40px&#8220; box_shadow_blur=&#8220;80px&#8220; box_shadow_spread=&#8220;-24px&#8220; box_shadow_color=&#8220;rgba(67,96,124,0.5)&#8220;][\/et_pb_image][\/et_pb_column][\/et_pb_row][et_pb_row _builder_version=&#8220;4.5.7&#8243; _module_preset=&#8220;default&#8220; custom_margin=&#8220;50px||||false|false&#8220;][et_pb_column type=&#8220;4_4&#8243; _builder_version=&#8220;4.5.7&#8243; _module_preset=&#8220;default&#8220;][et_pb_image src=&#8220;https:\/\/marano.ch\/wp-content\/uploads\/2020\/08\/Text-GarageMaranoReinach_sw.png&#8220; _builder_version=&#8220;4.5.7&#8243; _module_preset=&#8220;default&#8220;][\/et_pb_image][\/et_pb_column][\/et_pb_row][\/et_pb_section][et_pb_section fb_built=&#8220;1&#8243; admin_label=&#8220;Footer Section&#8220; _builder_version=&#8220;4.5.7&#8243; use_background_color_gradient=&#8220;on&#8220; background_color_gradient_start=&#8220;rgba(0,0,0,0)&#8220; background_color_gradient_end=&#8220;rgba(0,0,0,0.55)&#8220; background_color_gradient_overlays_image=&#8220;on&#8220; background_image=&#8220;https:\/\/marano.ch\/wp-content\/uploads\/2020\/08\/pexels-pixabay-237195.jpg&#8220; custom_margin=&#8220;|||&#8220; custom_padding=&#8220;8vw|0px|9vw|0px||&#8220; bottom_divider_style=&#8220;mountains2&#8243; bottom_divider_color=&#8220;rgba(5,41,66,0.3)&#8220; bottom_divider_height=&#8220;0%&#8220; animation_style=&#8220;slide&#8220; animation_direction=&#8220;bottom&#8220; animation_intensity_slide=&#8220;6%&#8220; animation_starting_opacity=&#8220;100%&#8220; saved_tabs=&#8220;all&#8220;][et_pb_row admin_label=&#8220;Footer Row&#8220; _builder_version=&#8220;3.25&#8243; custom_margin=&#8220;117px|auto||auto||&#8220; custom_padding=&#8220;|||&#8220;][et_pb_column type=&#8220;4_4&#8243; _builder_version=&#8220;3.25&#8243; custom_padding=&#8220;|||&#8220; custom_padding__hover=&#8220;|||&#8220;][et_pb_image src=&#8220;https:\/\/marano.ch\/wp-content\/uploads\/2020\/08\/Logomarcar-weiss.png&#8220; url=&#8220;https:\/\/marano.ch\/?page_id=165&#8243; _builder_version=&#8220;4.5.7&#8243; _module_preset=&#8220;default&#8220; hover_enabled=&#8220;0&#8243;][\/et_pb_image][et_pb_text _builder_version=&#8220;4.5.7&#8243; _module_preset=&#8220;default&#8220;][\/et_pb_text][\/et_pb_column][\/et_pb_row][\/et_pb_section]<\/p>\n","protected":false},"excerpt":{"rendered":"<p>[et_pb_section fb_built=&#8220;1&#8243; disabled_on=&#8220;off|off|off&#8220; admin_label=&#8220;Header Section&#8220; _builder_version=&#8220;4.5.7&#8243; use_background_color_gradient=&#8220;on&#8220; background_color_gradient_start=&#8220;rgba(0,0,0,0)&#8220; background_color_gradient_end=&#8220;rgba(0,0,0,0)&#8220; background_color_gradient_direction=&#8220;181deg&#8220; background_color_gradient_overlays_image=&#8220;on&#8220; background_image=&#8220;https:\/\/marano.ch\/wp-content\/uploads\/2020\/08\/DSCI9031.jpg&#8220; custom_margin=&#8220;|||&#8220; custom_padding=&#8220;6vw|0px|6vw|0px&#8220; bottom_divider_style=&#8220;mountains2&#8243; bottom_divider_color=&#8220;rgba(0,0,0,0.3)&#8220; bottom_divider_height=&#8220;50vw&#8220; animation_style=&#8220;slide&#8220; animation_direction=&#8220;top&#8220; animation_intensity_slide=&#8220;3%&#8220; animation_starting_opacity=&#8220;100%&#8220;][et_pb_row disabled_on=&#8220;off|off|off&#8220; module_class=&#8220; et_pb_row_fullwidth&#8220; _builder_version=&#8220;4.5.7&#8243; width=&#8220;89%&#8220; width_tablet=&#8220;80%&#8220; width_phone=&#8220;&#8220; width_last_edited=&#8220;on|desktop&#8220; max_width=&#8220;89%&#8220; max_width_tablet=&#8220;80%&#8220; max_width_phone=&#8220;&#8220; max_width_last_edited=&#8220;on|desktop&#8220; custom_margin=&#8220;50px||50px||false|false&#8220; custom_padding=&#8220;|||&#8220; make_fullwidth=&#8220;on&#8220;][et_pb_column type=&#8220;4_4&#8243; _builder_version=&#8220;3.25&#8243; custom_padding=&#8220;|||&#8220; custom_padding__hover=&#8220;|||&#8220;][et_pb_image src=&#8220;https:\/\/marano.ch\/wp-content\/uploads\/2020\/08\/Logomarcar-weiss.png&#8220; align=&#8220;center&#8220; _builder_version=&#8220;4.5.7&#8243; _module_preset=&#8220;default&#8220; animation_style=&#8220;slide&#8220; animation_direction=&#8220;top&#8220;][\/et_pb_image][et_pb_text disabled_on=&#8220;off|off|off&#8220; _builder_version=&#8220;4.5.7&#8243; text_font=&#8220;Montserrat||||||||&#8220; text_font_size=&#8220;22px&#8220; text_line_height=&#8220;1.8em&#8220; header_font=&#8220;Montserrat|600||on|||||&#8220; header_text_align=&#8220;center&#8220; header_font_size=&#8220;8vw&#8220; header_line_height=&#8220;1.5em&#8220; [&hellip;]<\/p>\n","protected":false},"author":1,"featured_media":0,"parent":0,"menu_order":0,"comment_status":"closed","ping_status":"closed","template":"","meta":{"_et_pb_use_builder":"on","_et_pb_old_content":"","_et_gb_content_width":""},"_links":{"self":[{"href":"https:\/\/marano.ch\/index.php?rest_route=\/wp\/v2\/pages\/129"}],"collection":[{"href":"https:\/\/marano.ch\/index.php?rest_route=\/wp\/v2\/pages"}],"about":[{"href":"https:\/\/marano.ch\/index.php?rest_route=\/wp\/v2\/types\/page"}],"author":[{"embeddable":true,"href":"https:\/\/marano.ch\/index.php?rest_route=\/wp\/v2\/users\/1"}],"replies":[{"embeddable":true,"href":"https:\/\/marano.ch\/index.php?rest_route=%2Fwp%2Fv2%2Fcomments&post=129"}],"version-history":[{"count":60,"href":"https:\/\/marano.ch\/index.php?rest_route=\/wp\/v2\/pages\/129\/revisions"}],"predecessor-version":[{"id":656,"href":"https:\/\/marano.ch\/index.php?rest_route=\/wp\/v2\/pages\/129\/revisions\/656"}],"wp:attachment":[{"href":"https:\/\/marano.ch\/index.php?rest_route=%2Fwp%2Fv2%2Fmedia&parent=129"}],"curies":[{"name":"wp","href":"https:\/\/api.w.org\/{rel}","templated":true}]}}